{"id":558,"date":"2017-04-20T20:41:19","date_gmt":"2017-04-20T23:41:19","guid":{"rendered":"http:\/\/newnotio.fuelthemes.net\/?page_id=558"},"modified":"2025-06-26T21:56:51","modified_gmt":"2025-06-27T00:56:51","slug":"home-2","status":"publish","type":"page","link":"https:\/\/uzqdesign.com.br\/","title":{"rendered":"Home"},"content":{"rendered":"[vc_row thb_full_width=&#8221;true&#8221; thb_row_padding=&#8221;true&#8221;][vc_column]\n\t<section class=\"thb-portfolio masonry row no-padding thb-filter-style1\" data-thb-animation=\"thb-animate-from-bottom\" data-thb-animation-speed=\"0.5\" data-loadmore=\"#loadmore-188\" data-filter=\"thb-filter-188\" data-security=\"19d5f966fa\">\n\n\t\t\t\t<div class=\"thb-cat-evento thb-cat-identidade-visual thb-cat-print small-12 medium-6 large-3 padding-1 hover-style2 title-center thb-animate-from-bottom dark-title type-portfolio columns portfolio-style1 post-974 portfolio status-publish has-post-thumbnail hentry project-category-evento project-category-identidade-visual project-category-print\" id=\"portfolio-974\">\n\t<div class=\"portfolio-holder\" style=\"padding-bottom: \">\n\t\t<div class=\"thb-placeholder first\"><img fetchpriority=\"high\" decoding=\"async\" width=\"760\" height=\"700\" src=\"https:\/\/uzqdesign.com.br\/wp-content\/uploads\/2026\/01\/20250828-Seminario_recomposicao-06-760x700.jpg\" class=\"attachment-notio-square-x2 size-notio-square-x2 wp-post-image\" alt=\"\" srcset=\"https:\/\/uzqdesign.com.br\/wp-content\/uploads\/2026\/01\/20250828-Seminario_recomposicao-06-760x700.jpg 760w, https:\/\/uzqdesign.com.br\/wp-content\/uploads\/2026\/01\/20250828-Seminario_recomposicao-06-380x350.jpg 380w, https:\/\/uzqdesign.com.br\/wp-content\/uploads\/2026\/01\/20250828-Seminario_recomposicao-06-20x18.jpg 20w, https:\/\/uzqdesign.com.br\/wp-content\/uploads\/2026\/01\/20250828-Seminario_recomposicao-06-1140x1050.jpg 1140w\" sizes=\"(max-width: 760px) 100vw, 760px\" \/><\/div>\n\t\t\t\t\t\t<a href=\"https:\/\/uzqdesign.com.br\/index.php\/portfolio\/seminaario-internacional-recomposicao-aprendizagens\/\" rel=\"bookmark\" class=\"portfolio-link portfolio-link\">\n\t\t\t<h2><span>Semin\u00e1rio Internacional &#8211; Recomposi\u00e7\u00e3o aprendizagens<\/span><\/h2>\n\t\t\t\t\t\t<aside class=\"thb-categories\"><span>Evento, Identidade Visual, Print<\/span><\/aside>\n\t\t\t\t\t<\/a>\n\t<\/div>\n<\/div>\n\t<div class=\"thb-cat-editorial thb-cat-print small-12 medium-6 large-3 padding-1 hover-style2 title-center thb-animate-from-bottom dark-title type-portfolio columns portfolio-style1 post-949 portfolio status-publish has-post-thumbnail hentry project-category-editorial project-category-print\" id=\"portfolio-949\">\n\t<div class=\"portfolio-holder\" style=\"padding-bottom: \">\n\t\t<div class=\"thb-placeholder first\"><img decoding=\"async\" width=\"760\" height=\"700\" src=\"https:\/\/uzqdesign.com.br\/wp-content\/uploads\/2026\/01\/20250201-RA_Umane_01-760x700.jpg\" class=\"attachment-notio-square-x2 size-notio-square-x2 wp-post-image\" alt=\"\" srcset=\"https:\/\/uzqdesign.com.br\/wp-content\/uploads\/2026\/01\/20250201-RA_Umane_01-760x700.jpg 760w, https:\/\/uzqdesign.com.br\/wp-content\/uploads\/2026\/01\/20250201-RA_Umane_01-380x350.jpg 380w, https:\/\/uzqdesign.com.br\/wp-content\/uploads\/2026\/01\/20250201-RA_Umane_01-20x18.jpg 20w, https:\/\/uzqdesign.com.br\/wp-content\/uploads\/2026\/01\/20250201-RA_Umane_01-1140x1050.jpg 1140w\" sizes=\"(max-width: 760px) 100vw, 760px\" \/><\/div>\n\t\t\t\t\t\t<a href=\"https:\/\/uzqdesign.com.br\/index.php\/portfolio\/relatorio-de-atividades-2024-umane\/\" rel=\"bookmark\" class=\"portfolio-link portfolio-link\">\n\t\t\t<h2><span>Relat\u00f3rio de atividades 2024 &#8211; Umane<\/span><\/h2>\n\t\t\t\t\t\t<aside class=\"thb-categories\"><span>Editorial, Print<\/span><\/aside>\n\t\t\t\t\t<\/a>\n\t<\/div>\n<\/div>\n\t<div class=\"thb-cat-evento thb-cat-identidade-visual thb-cat-print small-12 medium-6 large-3 padding-1 hover-style2 title-center thb-animate-from-bottom dark-title type-portfolio columns portfolio-style1 post-983 portfolio status-publish has-post-thumbnail hentry project-category-evento project-category-identidade-visual project-category-print\" id=\"portfolio-983\">\n\t<div class=\"portfolio-holder\" style=\"padding-bottom: \">\n\t\t<div class=\"thb-placeholder first\"><img decoding=\"async\" width=\"760\" height=\"700\" src=\"https:\/\/uzqdesign.com.br\/wp-content\/uploads\/2026\/01\/20240820-eminario_Dados_Evidencias-01-760x700.jpg\" class=\"attachment-notio-square-x2 size-notio-square-x2 wp-post-image\" alt=\"\" srcset=\"https:\/\/uzqdesign.com.br\/wp-content\/uploads\/2026\/01\/20240820-eminario_Dados_Evidencias-01-760x700.jpg 760w, https:\/\/uzqdesign.com.br\/wp-content\/uploads\/2026\/01\/20240820-eminario_Dados_Evidencias-01-380x350.jpg 380w, https:\/\/uzqdesign.com.br\/wp-content\/uploads\/2026\/01\/20240820-eminario_Dados_Evidencias-01-20x18.jpg 20w, https:\/\/uzqdesign.com.br\/wp-content\/uploads\/2026\/01\/20240820-eminario_Dados_Evidencias-01-1140x1050.jpg 1140w\" sizes=\"(max-width: 760px) 100vw, 760px\" \/><\/div>\n\t\t\t\t\t\t<a href=\"https:\/\/uzqdesign.com.br\/index.php\/portfolio\/seminario-internacional-dados-e-evidencias-para-transformacoes-pedagogicas\/\" rel=\"bookmark\" class=\"portfolio-link portfolio-link\">\n\t\t\t<h2><span>Semin\u00e1rio Internacional &#8211;  Dados e evid\u00eancias para transforma\u00e7\u00f5es pedag\u00f3gicas<\/span><\/h2>\n\t\t\t\t\t\t<aside class=\"thb-categories\"><span>Evento, Identidade Visual, Print<\/span><\/aside>\n\t\t\t\t\t<\/a>\n\t<\/div>\n<\/div>\n\t<div class=\"thb-cat-evento thb-cat-identidade-visual thb-cat-print small-12 medium-6 large-3 padding-1 hover-style2 title-center thb-animate-from-bottom dark-title type-portfolio columns portfolio-style1 post-994 portfolio status-publish has-post-thumbnail hentry project-category-evento project-category-identidade-visual project-category-print\" id=\"portfolio-994\">\n\t<div class=\"portfolio-holder\" style=\"padding-bottom: \">\n\t\t<div class=\"thb-placeholder first\"><img loading=\"lazy\" decoding=\"async\" width=\"760\" height=\"700\" src=\"https:\/\/uzqdesign.com.br\/wp-content\/uploads\/2026\/01\/20231004-Seminario_transicoes-02-760x700.jpg\" class=\"attachment-notio-square-x2 size-notio-square-x2 wp-post-image\" alt=\"\" srcset=\"https:\/\/uzqdesign.com.br\/wp-content\/uploads\/2026\/01\/20231004-Seminario_transicoes-02-760x700.jpg 760w, https:\/\/uzqdesign.com.br\/wp-content\/uploads\/2026\/01\/20231004-Seminario_transicoes-02-380x350.jpg 380w, https:\/\/uzqdesign.com.br\/wp-content\/uploads\/2026\/01\/20231004-Seminario_transicoes-02-20x18.jpg 20w, https:\/\/uzqdesign.com.br\/wp-content\/uploads\/2026\/01\/20231004-Seminario_transicoes-02-1140x1050.jpg 1140w\" sizes=\"(max-width: 760px) 100vw, 760px\" \/><\/div>\n\t\t\t\t\t\t<a href=\"https:\/\/uzqdesign.com.br\/index.php\/portfolio\/seminario-educacao-na-era-das-transicoes\/\" rel=\"bookmark\" class=\"portfolio-link portfolio-link\">\n\t\t\t<h2><span>Semin\u00e1rio &#8211; Educa\u00e7\u00e3o na era das transi\u00e7\u00f5es<\/span><\/h2>\n\t\t\t\t\t\t<aside class=\"thb-categories\"><span>Evento, Identidade Visual, Print<\/span><\/aside>\n\t\t\t\t\t<\/a>\n\t<\/div>\n<\/div>\n\t<div class=\"thb-cat-editorial thb-cat-print small-12 medium-6 large-3 padding-1 hover-style2 title-center thb-animate-from-bottom dark-title type-portfolio columns portfolio-style1 post-1002 portfolio status-publish has-post-thumbnail hentry project-category-editorial project-category-print\" id=\"portfolio-1002\">\n\t<div class=\"portfolio-holder\" style=\"padding-bottom: \">\n\t\t<div class=\"thb-placeholder first\"><img loading=\"lazy\" decoding=\"async\" width=\"760\" height=\"700\" src=\"https:\/\/uzqdesign.com.br\/wp-content\/uploads\/2026\/01\/20221219_album-01-760x700.jpg\" class=\"attachment-notio-square-x2 size-notio-square-x2 wp-post-image\" alt=\"\" srcset=\"https:\/\/uzqdesign.com.br\/wp-content\/uploads\/2026\/01\/20221219_album-01-760x700.jpg 760w, https:\/\/uzqdesign.com.br\/wp-content\/uploads\/2026\/01\/20221219_album-01-380x350.jpg 380w, https:\/\/uzqdesign.com.br\/wp-content\/uploads\/2026\/01\/20221219_album-01-20x18.jpg 20w, https:\/\/uzqdesign.com.br\/wp-content\/uploads\/2026\/01\/20221219_album-01-1140x1050.jpg 1140w\" sizes=\"(max-width: 760px) 100vw, 760px\" \/><\/div>\n\t\t\t\t\t\t<a href=\"https:\/\/uzqdesign.com.br\/index.php\/portfolio\/album-de-figurinhas-colaboradores-instituto-unibanco\/\" rel=\"bookmark\" class=\"portfolio-link portfolio-link\">\n\t\t\t<h2><span>\u00c1lbum de figurinhas &#8211; colaboradores Instituto Unibanco<\/span><\/h2>\n\t\t\t\t\t\t<aside class=\"thb-categories\"><span>Editorial, Print<\/span><\/aside>\n\t\t\t\t\t<\/a>\n\t<\/div>\n<\/div>\n\t<div class=\"thb-cat-editorial small-12 medium-6 large-3 padding-1 hover-style2 title-center thb-animate-from-bottom dark-title type-portfolio columns portfolio-style1 post-908 portfolio status-publish has-post-thumbnail hentry project-category-editorial\" id=\"portfolio-908\">\n\t<div class=\"portfolio-holder\" style=\"padding-bottom: \">\n\t\t<div class=\"thb-placeholder first\"><img loading=\"lazy\" decoding=\"async\" width=\"760\" height=\"700\" src=\"https:\/\/uzqdesign.com.br\/wp-content\/uploads\/2023\/02\/20221022-03-760x700.jpg\" class=\"attachment-notio-square-x2 size-notio-square-x2 wp-post-image\" alt=\"\" srcset=\"https:\/\/uzqdesign.com.br\/wp-content\/uploads\/2023\/02\/20221022-03-760x700.jpg 760w, https:\/\/uzqdesign.com.br\/wp-content\/uploads\/2023\/02\/20221022-03-380x350.jpg 380w, https:\/\/uzqdesign.com.br\/wp-content\/uploads\/2023\/02\/20221022-03-20x18.jpg 20w, https:\/\/uzqdesign.com.br\/wp-content\/uploads\/2023\/02\/20221022-03-1140x1050.jpg 1140w\" sizes=\"(max-width: 760px) 100vw, 760px\" \/><\/div>\n\t\t\t\t\t\t<a href=\"https:\/\/uzqdesign.com.br\/index.php\/portfolio\/908-2\/\" rel=\"bookmark\" class=\"portfolio-link portfolio-link\">\n\t\t\t<h2><span>Publica\u00e7\u00e3o &#8211; Plano de desenvolvimento institucional<\/span><\/h2>\n\t\t\t\t\t\t<aside class=\"thb-categories\"><span>Editorial<\/span><\/aside>\n\t\t\t\t\t<\/a>\n\t<\/div>\n<\/div>\n\t<div class=\"thb-cat-editorial thb-cat-web small-12 medium-6 large-3 padding-1 hover-style2 title-center thb-animate-from-bottom dark-title type-portfolio columns portfolio-style1 post-870 portfolio status-publish has-post-thumbnail hentry project-category-editorial project-category-web\" id=\"portfolio-870\">\n\t<div class=\"portfolio-holder\" style=\"padding-bottom: \">\n\t\t<div class=\"thb-placeholder first\"><img loading=\"lazy\" decoding=\"async\" width=\"760\" height=\"700\" src=\"https:\/\/uzqdesign.com.br\/wp-content\/uploads\/2022\/09\/RA21_mod_01-760x700.jpg\" class=\"attachment-notio-square-x2 size-notio-square-x2 wp-post-image\" alt=\"\" srcset=\"https:\/\/uzqdesign.com.br\/wp-content\/uploads\/2022\/09\/RA21_mod_01-760x700.jpg 760w, https:\/\/uzqdesign.com.br\/wp-content\/uploads\/2022\/09\/RA21_mod_01-380x350.jpg 380w, https:\/\/uzqdesign.com.br\/wp-content\/uploads\/2022\/09\/RA21_mod_01-20x18.jpg 20w, https:\/\/uzqdesign.com.br\/wp-content\/uploads\/2022\/09\/RA21_mod_01-1140x1050.jpg 1140w\" sizes=\"(max-width: 760px) 100vw, 760px\" \/><\/div>\n\t\t\t\t\t\t<a href=\"https:\/\/uzqdesign.com.br\/index.php\/portfolio\/870-2\/\" rel=\"bookmark\" class=\"portfolio-link portfolio-link\">\n\t\t\t<h2><span>Relat\u00f3rio de Atividades &#8211; Umane<\/span><\/h2>\n\t\t\t\t\t\t<aside class=\"thb-categories\"><span>Editorial, Web<\/span><\/aside>\n\t\t\t\t\t<\/a>\n\t<\/div>\n<\/div>\n\t<div class=\"thb-cat-artesanal small-12 medium-6 large-3 padding-1 hover-style2 title-center thb-animate-from-bottom dark-title type-portfolio columns portfolio-style1 post-805 portfolio status-publish has-post-thumbnail hentry project-category-artesanal\" id=\"portfolio-805\">\n\t<div class=\"portfolio-holder\" style=\"padding-bottom: \">\n\t\t<div class=\"thb-placeholder first\"><img loading=\"lazy\" decoding=\"async\" width=\"760\" height=\"700\" src=\"https:\/\/uzqdesign.com.br\/wp-content\/uploads\/2021\/12\/1640726549469-760x700.jpg\" class=\"attachment-notio-square-x2 size-notio-square-x2 wp-post-image\" alt=\"\" srcset=\"https:\/\/uzqdesign.com.br\/wp-content\/uploads\/2021\/12\/1640726549469-760x700.jpg 760w, https:\/\/uzqdesign.com.br\/wp-content\/uploads\/2021\/12\/1640726549469-380x350.jpg 380w, https:\/\/uzqdesign.com.br\/wp-content\/uploads\/2021\/12\/1640726549469-20x18.jpg 20w, https:\/\/uzqdesign.com.br\/wp-content\/uploads\/2021\/12\/1640726549469-1140x1050.jpg 1140w\" sizes=\"(max-width: 760px) 100vw, 760px\" \/><\/div>\n\t\t\t\t\t\t<a href=\"https:\/\/uzqdesign.com.br\/index.php\/portfolio\/805-2\/\" rel=\"bookmark\" class=\"portfolio-link portfolio-link\">\n\t\t\t<h2><span>Cart\u00e3o fim de ano<\/span><\/h2>\n\t\t\t\t\t\t<aside class=\"thb-categories\"><span>Artesanal<\/span><\/aside>\n\t\t\t\t\t<\/a>\n\t<\/div>\n<\/div>\n\t<div class=\"thb-cat-editorial thb-cat-print small-12 medium-6 large-3 padding-1 hover-style2 title-center thb-animate-from-bottom dark-title type-portfolio columns portfolio-style1 post-851 portfolio status-publish has-post-thumbnail hentry project-category-editorial project-category-print\" id=\"portfolio-851\">\n\t<div class=\"portfolio-holder\" style=\"padding-bottom: \">\n\t\t<div class=\"thb-placeholder first\"><img loading=\"lazy\" decoding=\"async\" width=\"760\" height=\"700\" src=\"https:\/\/uzqdesign.com.br\/wp-content\/uploads\/2022\/09\/2021-boxjf-01-760x700.jpg\" class=\"attachment-notio-square-x2 size-notio-square-x2 wp-post-image\" alt=\"Cole\u00e7\u00e3o Jovem de Futuro\" srcset=\"https:\/\/uzqdesign.com.br\/wp-content\/uploads\/2022\/09\/2021-boxjf-01-760x700.jpg 760w, https:\/\/uzqdesign.com.br\/wp-content\/uploads\/2022\/09\/2021-boxjf-01-380x350.jpg 380w, https:\/\/uzqdesign.com.br\/wp-content\/uploads\/2022\/09\/2021-boxjf-01-20x18.jpg 20w, https:\/\/uzqdesign.com.br\/wp-content\/uploads\/2022\/09\/2021-boxjf-01-1140x1050.jpg 1140w\" sizes=\"(max-width: 760px) 100vw, 760px\" \/><\/div>\n\t\t\t\t\t\t<a href=\"https:\/\/uzqdesign.com.br\/index.php\/portfolio\/851-2\/\" rel=\"bookmark\" class=\"portfolio-link portfolio-link\">\n\t\t\t<h2><span>Cole\u00e7\u00e3o Jovem de Futuro<\/span><\/h2>\n\t\t\t\t\t\t<aside class=\"thb-categories\"><span>Editorial, Print<\/span><\/aside>\n\t\t\t\t\t<\/a>\n\t<\/div>\n<\/div>\n\t<div class=\"thb-cat-editorial thb-cat-print small-12 medium-6 large-3 padding-1 hover-style2 title-center thb-animate-from-bottom dark-title type-portfolio columns portfolio-style1 post-865 portfolio status-publish has-post-thumbnail hentry project-category-editorial project-category-print\" id=\"portfolio-865\">\n\t<div class=\"portfolio-holder\" style=\"padding-bottom: \">\n\t\t<div class=\"thb-placeholder first\"><img loading=\"lazy\" decoding=\"async\" width=\"760\" height=\"700\" src=\"https:\/\/uzqdesign.com.br\/wp-content\/uploads\/2022\/09\/20210510-Mockup_impactos_covid-vol3_01-760x700.jpg\" class=\"attachment-notio-square-x2 size-notio-square-x2 wp-post-image\" alt=\"\" srcset=\"https:\/\/uzqdesign.com.br\/wp-content\/uploads\/2022\/09\/20210510-Mockup_impactos_covid-vol3_01-760x700.jpg 760w, https:\/\/uzqdesign.com.br\/wp-content\/uploads\/2022\/09\/20210510-Mockup_impactos_covid-vol3_01-380x350.jpg 380w, https:\/\/uzqdesign.com.br\/wp-content\/uploads\/2022\/09\/20210510-Mockup_impactos_covid-vol3_01-20x18.jpg 20w, https:\/\/uzqdesign.com.br\/wp-content\/uploads\/2022\/09\/20210510-Mockup_impactos_covid-vol3_01-1140x1050.jpg 1140w\" sizes=\"(max-width: 760px) 100vw, 760px\" \/><\/div>\n\t\t\t\t\t\t<a href=\"https:\/\/uzqdesign.com.br\/index.php\/portfolio\/publicacao-impactos-covid-19-educacao-basica-vol-3\/\" rel=\"bookmark\" class=\"portfolio-link portfolio-link\">\n\t\t\t<h2><span>Publica\u00e7\u00e3o \u2013 Impactos Covid-19 educa\u00e7\u00e3o b\u00e1sica, vol.3<\/span><\/h2>\n\t\t\t\t\t\t<aside class=\"thb-categories\"><span>Editorial, Print<\/span><\/aside>\n\t\t\t\t\t<\/a>\n\t<\/div>\n<\/div>\n\t<div class=\"thb-cat-editorial small-12 medium-6 large-3 padding-1 hover-style2 title-center thb-animate-from-bottom dark-title type-portfolio columns portfolio-style1 post-710 portfolio status-publish has-post-thumbnail hentry project-category-editorial\" id=\"portfolio-710\">\n\t<div class=\"portfolio-holder\" style=\"padding-bottom: \">\n\t\t<div class=\"thb-placeholder first\"><img loading=\"lazy\" decoding=\"async\" width=\"760\" height=\"700\" src=\"https:\/\/uzqdesign.com.br\/wp-content\/uploads\/2021\/05\/20200720-01-760x700.jpg\" class=\"attachment-notio-square-x2 size-notio-square-x2 wp-post-image\" alt=\"\" srcset=\"https:\/\/uzqdesign.com.br\/wp-content\/uploads\/2021\/05\/20200720-01-760x700.jpg 760w, https:\/\/uzqdesign.com.br\/wp-content\/uploads\/2021\/05\/20200720-01-380x350.jpg 380w, https:\/\/uzqdesign.com.br\/wp-content\/uploads\/2021\/05\/20200720-01-20x18.jpg 20w, https:\/\/uzqdesign.com.br\/wp-content\/uploads\/2021\/05\/20200720-01-1140x1050.jpg 1140w\" sizes=\"(max-width: 760px) 100vw, 760px\" \/><\/div>\n\t\t\t\t\t\t<a href=\"https:\/\/uzqdesign.com.br\/index.php\/portfolio\/710-2\/\" rel=\"bookmark\" class=\"portfolio-link portfolio-link\">\n\t\t\t<h2><span>Publica\u00e7\u00e3o \u2013 Impactos Covid-19 educa\u00e7\u00e3o b\u00e1sica, vol.2<\/span><\/h2>\n\t\t\t\t\t\t<aside class=\"thb-categories\"><span>Editorial<\/span><\/aside>\n\t\t\t\t\t<\/a>\n\t<\/div>\n<\/div>\n\t<div class=\"thb-cat-editorial small-12 medium-6 large-3 padding-1 hover-style2 title-center thb-animate-from-bottom dark-title type-portfolio columns portfolio-style1 post-681 portfolio status-publish has-post-thumbnail hentry project-category-editorial\" id=\"portfolio-681\">\n\t<div class=\"portfolio-holder\" style=\"padding-bottom: \">\n\t\t<div class=\"thb-placeholder first\"><img loading=\"lazy\" decoding=\"async\" width=\"760\" height=\"700\" src=\"https:\/\/uzqdesign.com.br\/wp-content\/uploads\/2021\/05\/20200527-01-3-760x700.jpg\" class=\"attachment-notio-square-x2 size-notio-square-x2 wp-post-image\" alt=\"\" srcset=\"https:\/\/uzqdesign.com.br\/wp-content\/uploads\/2021\/05\/20200527-01-3-760x700.jpg 760w, https:\/\/uzqdesign.com.br\/wp-content\/uploads\/2021\/05\/20200527-01-3-380x350.jpg 380w, https:\/\/uzqdesign.com.br\/wp-content\/uploads\/2021\/05\/20200527-01-3-20x18.jpg 20w, https:\/\/uzqdesign.com.br\/wp-content\/uploads\/2021\/05\/20200527-01-3-1140x1050.jpg 1140w\" sizes=\"(max-width: 760px) 100vw, 760px\" \/><\/div>\n\t\t\t\t\t\t<a href=\"https:\/\/uzqdesign.com.br\/index.php\/portfolio\/681-2\/\" rel=\"bookmark\" class=\"portfolio-link portfolio-link\">\n\t\t\t<h2><span>Publica\u00e7\u00e3o &#8211; Impactos Covid-19 educa\u00e7\u00e3o b\u00e1sica<\/span><\/h2>\n\t\t\t\t\t\t<aside class=\"thb-categories\"><span>Editorial<\/span><\/aside>\n\t\t\t\t\t<\/a>\n\t<\/div>\n<\/div>\n\t\t<\/section>\n\t\t<div class=\"text-center\">\n\t\t<a class=\"masonry_btn btn loadmore\" href=\"#\" id=\"loadmore-188\">Load More<\/a>\n\t<\/div>\n\t\n\t[\/vc_column][\/vc_row]\n","protected":false},"excerpt":{"rendered":"<p>[vc_row thb_full_width=&#8221;true&#8221; thb_row_padding=&#8221;true&#8221;][vc_column][\/vc_column][\/vc_row]<\/p>\n","protected":false},"author":1,"featured_media":0,"parent":0,"menu_order":0,"comment_status":"closed","ping_status":"closed","template":"","meta":{"om_disable_all_campaigns":false,"_monsterinsights_skip_tracking":false,"_monsterinsights_sitenote_active":false,"_monsterinsights_sitenote_note":"","_monsterinsights_sitenote_category":0,"footnotes":""},"class_list":["post-558","page","type-page","status-publish","hentry"],"aioseo_notices":[],"_links":{"self":[{"href":"https:\/\/uzqdesign.com.br\/index.php\/wp-json\/wp\/v2\/pages\/558","targetHints":{"allow":["GET"]}}],"collection":[{"href":"https:\/\/uzqdesign.com.br\/index.php\/wp-json\/wp\/v2\/pages"}],"about":[{"href":"https:\/\/uzqdesign.com.br\/index.php\/wp-json\/wp\/v2\/types\/page"}],"author":[{"embeddable":true,"href":"https:\/\/uzqdesign.com.br\/index.php\/wp-json\/wp\/v2\/users\/1"}],"replies":[{"embeddable":true,"href":"https:\/\/uzqdesign.com.br\/index.php\/wp-json\/wp\/v2\/comments?post=558"}],"version-history":[{"count":10,"href":"https:\/\/uzqdesign.com.br\/index.php\/wp-json\/wp\/v2\/pages\/558\/revisions"}],"predecessor-version":[{"id":589,"href":"https:\/\/uzqdesign.com.br\/index.php\/wp-json\/wp\/v2\/pages\/558\/revisions\/589"}],"wp:attachment":[{"href":"https:\/\/uzqdesign.com.br\/index.php\/wp-json\/wp\/v2\/media?parent=558"}],"curies":[{"name":"wp","href":"https:\/\/api.w.org\/{rel}","templated":true}]}}