{"id":386,"date":"2017-03-29T17:55:58","date_gmt":"2017-03-29T20:55:58","guid":{"rendered":"http:\/\/newnotio.fuelthemes.net\/?page_id=386"},"modified":"2026-02-07T14:40:50","modified_gmt":"2026-02-07T17:40:50","slug":"ola","status":"publish","type":"page","link":"https:\/\/uzqdesign.com.br\/index.php\/ola\/","title":{"rendered":"Ol\u00e1!"},"content":{"rendered":"[vc_row thb_full_width=&#8221;true&#8221; thb_row_padding=&#8221;true&#8221; parallax=&#8221;content-moving&#8221; mouse_scroll=&#8221;true&#8221; css=&#8221;.vc_custom_1620765909747{padding-top: 30vh !important;padding-bottom: 30vh !important;background-image: url(https:\/\/uzqdesign.com.br\/wp-content\/uploads\/2021\/05\/20210511-contact2.jpg?id=706) !important;background-position: center;background-repeat: no-repeat;background-size: cover !important;}&#8221;][vc_column][\/vc_column][\/vc_row][vc_row css=&#8221;.vc_custom_1491555993974{padding-top: 8vh !important;padding-bottom: 8vh !important;}&#8221;][vc_column width=&#8221;1\/4&#8243;][vc_column_text]\n<h5>apresenta\u00e7\u00e3o<\/h5>\n[\/vc_column_text][vc_empty_space height=&#8221;35px&#8221;][\/vc_column][vc_column width=&#8221;3\/4&#8243;][vc_column_text]\n<h3><strong>Ol\u00e1, tudo bem? Seja bem-vindo ao site UZQ Design!<\/strong><\/h3>\n[\/vc_column_text][vc_empty_space height=&#8221;40px&#8221;][vc_column_text animation=&#8221;animation fade-in&#8221;]Meu nome \u00e9 <strong>Fernanda Aoki<\/strong> e sou respons\u00e1vel pelo est\u00fadio. Neste espa\u00e7o, busco apresentar alguns projetos realizados em diferentes \u00e1reas do design gr\u00e1fico.<\/p>\n<p>Os trabalhos desenvolvidos englobam diferentes \u00e1reas como editorial, promocional, institucional, identidade visual, embalagens e digital. Na <em><a href=\"http:\/\/www.uzqdesign.com.br\">p\u00e1gina inicial<\/a><\/em> do site, s\u00e3o apresentados alguns trabalhos j\u00e1 realizados e os seus detalhes projetuais.<\/p>\n<p>Abaixo, seguem meus contatos, caso queira falar comigo.<\/p>\n<p><strong>Contatos:<\/strong><\/p>\n<ul>\n<li><strong>E-mail:<\/strong> <a href=\"mailto:design.uzq@gmail.com\">design.uzq@gmail.com<\/a><\/li>\n<li><strong>Telefone\/Whatsapp:<\/strong> <a href=\"https:\/\/api.whatsapp.com\/send?phone=5511991405870&amp;text=Ol%C3%A1%2C%20tenho%20um%20projeto%20de%20design%20e%20gostaria%20de%20conversar%20sobre%20ele.\">+55 11 99140.5870<\/a><\/li>\n<li><strong>Linkedin<a href=\"https:\/\/www.linkedin.com\/in\/fernanda-aoki\/\">:<\/a><\/strong>\u00a0<a href=\"https:\/\/www.linkedin.com\/in\/fernanda-aoki\/\"> linkedin.com\/in\/fernanda-aoki\/<\/a><\/li>\n<\/ul>\n[\/vc_column_text][\/vc_column][\/vc_row][vc_row css=&#8221;.vc_custom_1491555993974{padding-top: 8vh !important;padding-bottom: 8vh !important;}&#8221;][vc_column width=&#8221;1\/4&#8243;][vc_column_text]\n<h5>sobre o est\u00fadio<\/h5>\n[\/vc_column_text][vc_empty_space height=&#8221;35px&#8221;][\/vc_column][vc_column width=&#8221;3\/4&#8243;][vc_column_text animation=&#8221;animation fade-in&#8221;]O est\u00fadio Umzeroquatro atua de forma estrat\u00e9gica e pr\u00f3xima aos seus parceiros. Trabalha com um modelo de <strong>pacotes de horas mensais<\/strong>, que oferece flexibilidade, agilidade e continuidade no desenvolvimento de solu\u00e7\u00f5es visuais.<\/p>\n<p>As horas contratadas podem ser distribu\u00eddas entre diferentes frentes do design gr\u00e1fico \u2014 identidade visual, materiais institucionais, pe\u00e7as digitais, apresenta\u00e7\u00f5es, publica\u00e7\u00f5es impressas e outras demandas \u2014 de acordo com as prioridades de cada momento. Esse formato reduz burocracias, elimina processos engessados e permite respostas mais r\u00e1pidas.<\/p>\n<p>A UZQ Design entende que o design ganha for\u00e7a no longo prazo. A parceria cont\u00ednua possibilita a constru\u00e7\u00e3o de uma curva de aprendizado profunda sobre o contexto, a atua\u00e7\u00e3o e os objetivos do contratante, garantindo consist\u00eancia visual e ampliando o papel do design como apoio no desenho e na evolu\u00e7\u00e3o de estrat\u00e9gias comunicativas mais eficazes.<\/p>\n<p>Quando a <strong>necessidade \u00e9 pontual<\/strong>, o est\u00fadio tamb\u00e9m atua no desenvolvimento de projetos \u00fanicos, com escopo e cronograma definidos, mantendo o mesmo cuidado conceitual, rigor gr\u00e1fico e alinhamento institucional \u2014 sem a exig\u00eancia de continuidade contratual.<\/p>\n<p>Com transpar\u00eancia no uso das horas e previsibilidade de investimento, a UZQ Design atua como uma extens\u00e3o do time, entregando valor cont\u00ednuo por meio de processos simples, colaborativos e orientados a resultado.[\/vc_column_text][\/vc_column][\/vc_row][vc_row css=&#8221;.vc_custom_1491556080225{padding-top: 7vh !important;padding-bottom: 5vh !important;}&#8221;][vc_column width=&#8221;1\/4&#8243;][vc_column_text]\n<h5>\u00e1reas<\/h5>\n[\/vc_column_text][vc_empty_space height=&#8221;35px&#8221;][\/vc_column][vc_column width=&#8221;3\/4&#8243;][vc_row_inner][vc_column_inner width=&#8221;1\/3&#8243;]\t\t<div id=\"thb-iconbox-37\" class=\"thb-iconbox top type1 left-aligned\" data-animation_speed=\"1\">\n\t\t\t<span><img decoding=\"async\" width=\"120\" height=\"120\" src=\"https:\/\/uzqdesign.com.br\/wp-content\/uploads\/2021\/03\/icons_120px-02.png\" class=\"attachment-full size-full\" alt=\"Editorial icone\" srcset=\"https:\/\/uzqdesign.com.br\/wp-content\/uploads\/2021\/03\/icons_120px-02.png 120w, https:\/\/uzqdesign.com.br\/wp-content\/uploads\/2021\/03\/icons_120px-02-20x20.png 20w, https:\/\/uzqdesign.com.br\/wp-content\/uploads\/2021\/03\/icons_120px-02-100x100.png 100w\" sizes=\"(max-width: 120px) 100vw, 120px\" \/><\/span>\n\t\t\t<div class=\"content\">\n\t\t\t\t<h6>Editorial<\/h6>\n\t\t\t\t\t\t\t\t\t<div><p>Livros, Relat\u00f3rios, Manuais, Apostilas, Livretos, Cat\u00e1logos<\/p>\n<\/div>\n\t\t\t\t\t\t\t<\/div>\n\t\t\t<style>\n\t\t\t\t#thb-iconbox-37>span {\n\t\t\t\t\tcolor: #006bff;\n\t\t\t\t}\n\t\t\t\t#thb-iconbox-37>span {\n\t\t\t\t\tbackground-color: ;\n\t\t\t\t}\n\t\t\t\t#thb-iconbox-37 .content h6 {\n\t\t\t\t\tcolor: ;\n\t\t\t\t}\n\t\t\t\t#thb-iconbox-37 .content div {\n\t\t\t\t\tcolor: ;\n\t\t\t\t}\n\t\t\t\t\t\t\t\t#thb-iconbox-37 svg path,\n\t\t\t\t#thb-iconbox-37 svg circle,\n\t\t\t\t#thb-iconbox-37 rect,\n\t\t\t\t#thb-iconbox-37 svg ellipse {\n\t\t\t\t\tstroke: #006bff;\n\t\t\t\t}\n\t\t\t\t\t\t\t<\/style>\n\n\t\t<\/div>\n\t[vc_empty_space height=&#8221;40px&#8221;][\/vc_column_inner][vc_column_inner width=&#8221;1\/3&#8243;]\t\t<div id=\"thb-iconbox-86\" class=\"thb-iconbox top type1 left-aligned\" data-animation_speed=\"1\">\n\t\t\t<span><img decoding=\"async\" width=\"120\" height=\"120\" src=\"https:\/\/uzqdesign.com.br\/wp-content\/uploads\/2021\/03\/icons_120px-01.png\" class=\"attachment-full size-full\" alt=\"Logo icone\" srcset=\"https:\/\/uzqdesign.com.br\/wp-content\/uploads\/2021\/03\/icons_120px-01.png 120w, https:\/\/uzqdesign.com.br\/wp-content\/uploads\/2021\/03\/icons_120px-01-20x20.png 20w, https:\/\/uzqdesign.com.br\/wp-content\/uploads\/2021\/03\/icons_120px-01-100x100.png 100w\" sizes=\"(max-width: 120px) 100vw, 120px\" \/><\/span>\n\t\t\t<div class=\"content\">\n\t\t\t\t<h6>Identidade Visual<\/h6>\n\t\t\t\t\t\t\t\t\t<div><p>Logo e identidade<br \/>\nManual da marca<br \/>\nAplica\u00e7\u00f5es marca<\/p>\n<\/div>\n\t\t\t\t\t\t\t<\/div>\n\t\t\t<style>\n\t\t\t\t#thb-iconbox-86>span {\n\t\t\t\t\tcolor: #006bff;\n\t\t\t\t}\n\t\t\t\t#thb-iconbox-86>span {\n\t\t\t\t\tbackground-color: ;\n\t\t\t\t}\n\t\t\t\t#thb-iconbox-86 .content h6 {\n\t\t\t\t\tcolor: ;\n\t\t\t\t}\n\t\t\t\t#thb-iconbox-86 .content div {\n\t\t\t\t\tcolor: ;\n\t\t\t\t}\n\t\t\t\t\t\t\t\t#thb-iconbox-86 svg path,\n\t\t\t\t#thb-iconbox-86 svg circle,\n\t\t\t\t#thb-iconbox-86 rect,\n\t\t\t\t#thb-iconbox-86 svg ellipse {\n\t\t\t\t\tstroke: #006bff;\n\t\t\t\t}\n\t\t\t\t\t\t\t<\/style>\n\n\t\t<\/div>\n\t[vc_empty_space height=&#8221;40px&#8221;][\/vc_column_inner][vc_column_inner width=&#8221;1\/3&#8243;]\t\t<div id=\"thb-iconbox-92\" class=\"thb-iconbox top type1 left-aligned\" data-animation_speed=\"1\">\n\t\t\t<span><img decoding=\"async\" width=\"120\" height=\"120\" src=\"https:\/\/uzqdesign.com.br\/wp-content\/uploads\/2021\/03\/icons_120px-04.png\" class=\"attachment-full size-full\" alt=\"Digital icone\" srcset=\"https:\/\/uzqdesign.com.br\/wp-content\/uploads\/2021\/03\/icons_120px-04.png 120w, https:\/\/uzqdesign.com.br\/wp-content\/uploads\/2021\/03\/icons_120px-04-20x20.png 20w, https:\/\/uzqdesign.com.br\/wp-content\/uploads\/2021\/03\/icons_120px-04-100x100.png 100w\" sizes=\"(max-width: 120px) 100vw, 120px\" \/><\/span>\n\t\t\t<div class=\"content\">\n\t\t\t\t<h6>Digital<\/h6>\n\t\t\t\t\t\t\t\t\t<div><p>Design websites<br \/>\nApp Design e conceito<br \/>\nE-mail marketing<\/p>\n<\/div>\n\t\t\t\t\t\t\t<\/div>\n\t\t\t<style>\n\t\t\t\t#thb-iconbox-92>span {\n\t\t\t\t\tcolor: #006bff;\n\t\t\t\t}\n\t\t\t\t#thb-iconbox-92>span {\n\t\t\t\t\tbackground-color: ;\n\t\t\t\t}\n\t\t\t\t#thb-iconbox-92 .content h6 {\n\t\t\t\t\tcolor: ;\n\t\t\t\t}\n\t\t\t\t#thb-iconbox-92 .content div {\n\t\t\t\t\tcolor: ;\n\t\t\t\t}\n\t\t\t\t\t\t\t\t#thb-iconbox-92 svg path,\n\t\t\t\t#thb-iconbox-92 svg circle,\n\t\t\t\t#thb-iconbox-92 rect,\n\t\t\t\t#thb-iconbox-92 svg ellipse {\n\t\t\t\t\tstroke: #006bff;\n\t\t\t\t}\n\t\t\t\t\t\t\t<\/style>\n\n\t\t<\/div>\n\t[vc_empty_space height=&#8221;40px&#8221;][\/vc_column_inner][\/vc_row_inner][vc_row_inner][vc_column_inner width=&#8221;1\/3&#8243;]\t\t<div id=\"thb-iconbox-11\" class=\"thb-iconbox top type1 left-aligned\" data-animation_speed=\"1\">\n\t\t\t<span><img loading=\"lazy\" decoding=\"async\" width=\"120\" height=\"120\" src=\"https:\/\/uzqdesign.com.br\/wp-content\/uploads\/2021\/03\/icons_120px-05.png\" class=\"attachment-full size-full\" alt=\"promo icone\" srcset=\"https:\/\/uzqdesign.com.br\/wp-content\/uploads\/2021\/03\/icons_120px-05.png 120w, https:\/\/uzqdesign.com.br\/wp-content\/uploads\/2021\/03\/icons_120px-05-20x20.png 20w, https:\/\/uzqdesign.com.br\/wp-content\/uploads\/2021\/03\/icons_120px-05-100x100.png 100w\" sizes=\"(max-width: 120px) 100vw, 120px\" \/><\/span>\n\t\t\t<div class=\"content\">\n\t\t\t\t<h6>Promocional<\/h6>\n\t\t\t\t\t\t\t\t\t<div><p>Folders, brindes, cart\u00f5es<\/p>\n<\/div>\n\t\t\t\t\t\t\t<\/div>\n\t\t\t<style>\n\t\t\t\t#thb-iconbox-11>span {\n\t\t\t\t\tcolor: #006bff;\n\t\t\t\t}\n\t\t\t\t#thb-iconbox-11>span {\n\t\t\t\t\tbackground-color: ;\n\t\t\t\t}\n\t\t\t\t#thb-iconbox-11 .content h6 {\n\t\t\t\t\tcolor: ;\n\t\t\t\t}\n\t\t\t\t#thb-iconbox-11 .content div {\n\t\t\t\t\tcolor: ;\n\t\t\t\t}\n\t\t\t\t\t\t\t\t#thb-iconbox-11 svg path,\n\t\t\t\t#thb-iconbox-11 svg circle,\n\t\t\t\t#thb-iconbox-11 rect,\n\t\t\t\t#thb-iconbox-11 svg ellipse {\n\t\t\t\t\tstroke: #006bff;\n\t\t\t\t}\n\t\t\t\t\t\t\t<\/style>\n\n\t\t<\/div>\n\t[vc_empty_space height=&#8221;40px&#8221;][\/vc_column_inner][vc_column_inner width=&#8221;1\/3&#8243;]\t\t<div id=\"thb-iconbox-79\" class=\"thb-iconbox top type1 left-aligned\" data-animation_speed=\"1\">\n\t\t\t<span><img loading=\"lazy\" decoding=\"async\" width=\"120\" height=\"120\" src=\"https:\/\/uzqdesign.com.br\/wp-content\/uploads\/2021\/03\/icons_120px-03.png\" class=\"attachment-full size-full\" alt=\"institucional icone\" srcset=\"https:\/\/uzqdesign.com.br\/wp-content\/uploads\/2021\/03\/icons_120px-03.png 120w, https:\/\/uzqdesign.com.br\/wp-content\/uploads\/2021\/03\/icons_120px-03-20x20.png 20w, https:\/\/uzqdesign.com.br\/wp-content\/uploads\/2021\/03\/icons_120px-03-100x100.png 100w\" sizes=\"(max-width: 120px) 100vw, 120px\" \/><\/span>\n\t\t\t<div class=\"content\">\n\t\t\t\t<h6>Institucional<\/h6>\n\t\t\t\t\t\t\t\t\t<div><p>Relat\u00f3rios de atividades, livretos, papelaria, brindes<\/p>\n<\/div>\n\t\t\t\t\t\t\t<\/div>\n\t\t\t<style>\n\t\t\t\t#thb-iconbox-79>span {\n\t\t\t\t\tcolor: #006bff;\n\t\t\t\t}\n\t\t\t\t#thb-iconbox-79>span {\n\t\t\t\t\tbackground-color: ;\n\t\t\t\t}\n\t\t\t\t#thb-iconbox-79 .content h6 {\n\t\t\t\t\tcolor: ;\n\t\t\t\t}\n\t\t\t\t#thb-iconbox-79 .content div {\n\t\t\t\t\tcolor: ;\n\t\t\t\t}\n\t\t\t\t\t\t\t\t#thb-iconbox-79 svg path,\n\t\t\t\t#thb-iconbox-79 svg circle,\n\t\t\t\t#thb-iconbox-79 rect,\n\t\t\t\t#thb-iconbox-79 svg ellipse {\n\t\t\t\t\tstroke: #006bff;\n\t\t\t\t}\n\t\t\t\t\t\t\t<\/style>\n\n\t\t<\/div>\n\t[vc_empty_space height=&#8221;40px&#8221;][\/vc_column_inner][vc_column_inner width=&#8221;1\/3&#8243;][\/vc_column_inner][\/vc_row_inner][\/vc_column][\/vc_row]\n","protected":false},"excerpt":{"rendered":"<p>[vc_row thb_full_width=&#8221;true&#8221; thb_row_padding=&#8221;true&#8221; parallax=&#8221;content-moving&#8221; mouse_scroll=&#8221;true&#8221; css=&#8221;.vc_custom_1620765909747{padding-top: 30vh !important;padding-bottom: 30vh !important;background-image: url(https:\/\/uzqdesign.com.br\/wp-content\/uploads\/2021\/05\/20210511-contact2.jpg?id=706) !important;background-position: center;background-repeat: no-repeat;background-size: cover !important;}&#8221;][vc_column][\/vc_column][\/vc_row][vc_row css=&#8221;.vc_custom_1491555993974{padding-top: 8vh !important;padding-bottom: 8vh !important;}&#8221;][vc_column width=&#8221;1\/4&#8243;][vc_column_text] apresenta\u00e7\u00e3o [\/vc_column_text][vc_empty_space height=&#8221;35px&#8221;][\/vc_column][vc_column width=&#8221;3\/4&#8243;][vc_column_text] Ol\u00e1, tudo bem? Seja bem-vindo ao site UZQ Design! [\/vc_column_text][vc_empty_space height=&#8221;40px&#8221;][vc_column_text animation=&#8221;animation fade-in&#8221;]Meu nome \u00e9 Fernanda Aoki e sou respons\u00e1vel pelo est\u00fadio. Neste espa\u00e7o, busco apresentar alguns projetos realizados&hellip;<\/p>\n","protected":false},"author":1,"featured_media":0,"parent":0,"menu_order":0,"comment_status":"closed","ping_status":"closed","template":"","meta":{"om_disable_all_campaigns":false,"_monsterinsights_skip_tracking":false,"_monsterinsights_sitenote_active":false,"_monsterinsights_sitenote_note":"","_monsterinsights_sitenote_category":0,"footnotes":""},"class_list":["post-386","page","type-page","status-publish","hentry"],"aioseo_notices":[],"_links":{"self":[{"href":"https:\/\/uzqdesign.com.br\/index.php\/wp-json\/wp\/v2\/pages\/386","targetHints":{"allow":["GET"]}}],"collection":[{"href":"https:\/\/uzqdesign.com.br\/index.php\/wp-json\/wp\/v2\/pages"}],"about":[{"href":"https:\/\/uzqdesign.com.br\/index.php\/wp-json\/wp\/v2\/types\/page"}],"author":[{"embeddable":true,"href":"https:\/\/uzqdesign.com.br\/index.php\/wp-json\/wp\/v2\/users\/1"}],"replies":[{"embeddable":true,"href":"https:\/\/uzqdesign.com.br\/index.php\/wp-json\/wp\/v2\/comments?post=386"}],"version-history":[{"count":22,"href":"https:\/\/uzqdesign.com.br\/index.php\/wp-json\/wp\/v2\/pages\/386\/revisions"}],"predecessor-version":[{"id":1017,"href":"https:\/\/uzqdesign.com.br\/index.php\/wp-json\/wp\/v2\/pages\/386\/revisions\/1017"}],"wp:attachment":[{"href":"https:\/\/uzqdesign.com.br\/index.php\/wp-json\/wp\/v2\/media?parent=386"}],"curies":[{"name":"wp","href":"https:\/\/api.w.org\/{rel}","templated":true}]}}